{"id":5,"date":"2016-04-29T10:43:20","date_gmt":"2016-04-29T08:43:20","guid":{"rendered":"http:\/\/84.200.211.141\/?page_id=5"},"modified":"2025-04-28T12:16:37","modified_gmt":"2025-04-28T10:16:37","slug":"home","status":"publish","type":"page","link":"https:\/\/www.doktersarahterras.be\/","title":{"rendered":"Home"},"content":{"rendered":"\n<p class=\"has-text-align-center\"><strong>Belangrijke bericht: VERHUIS<\/strong><\/p>\n\n\n\n<p class=\"has-text-align-center\"><strong>De praktijk is verhuisd naar praktijk MediMaris, Franslaan 133 in Nieuwpoort-Bad. <\/strong><\/p>\n\n\n<p>Welkom op de website van Dr. med. Sarah Terras, dermatoloog.<\/p>\n<p>U kan hier meer informatie vinden over:<\/p>\n<ul>\n<li>De arts<\/li>\n<li>De behandelingen<\/li>\n<li>Hoe en wanneer een afspraak maken<\/li>\n<li>De ligging en de bereikbaarheid van de praktijk<\/li>\n<\/ul>\n<p><strong>Consultatiemomenten (enkel op afspraak):<\/strong><\/p>\n<p>&#8211; Maandagvoormiddag van 8u45 tot 11u45<br \/>&#8211; Donderdag van 9u00 tot 12u30 en van 13u30 tot 16u30<\/p>\n<p>Afspraken kunnen <strong><a href=\"https:\/\/onlinebooking.myorganizer.online?guid=ZDkwNzI0NjAtZjJiZC00ZDczLWI5OTYtYmIwMWFhNTAzZmZm&amp;role=OA%3D%3D&amp;language=bmxfQkU%3D\">online<\/a><\/strong> of telefonisch gemaakt worden. Indien U voor meerdere personen wenst te consulteren, gelieve dan per persoon een afspraak te boeken.<\/p>\n<p style=\"text-align: center;\"><strong>Om de continu\u00efteit van de zorg te kunnen waarborgen, is er momenteel een pati\u00ebntenstop. Enkel pati\u00ebnten die reeds gekend zijn, kunnen een afspraak maken.<\/strong><\/p>","protected":false},"excerpt":{"rendered":"<p>Belangrijke bericht: VERHUIS De praktijk is verhuisd naar praktijk MediMaris, Franslaan 133 in Nieuwpoort-Bad. Welkom op de website van Dr. med. Sarah Terras, dermatoloog. U kan hier meer informatie vinden over: De arts De behandelingen Hoe en wanneer een afspraak&#8230; <a class=\"read-more-button\" href=\"https:\/\/www.doktersarahterras.be\/\">Lees meer &gt;<\/a><\/p>\n","protected":false},"author":1,"featured_media":0,"parent":0,"menu_order":0,"comment_status":"closed","ping_status":"closed","template":"","meta":{"footnotes":""},"class_list":["post-5","page","type-page","status-publish","hentry"],"_links":{"self":[{"href":"https:\/\/www.doktersarahterras.be\/index.php\/wp-json\/wp\/v2\/pages\/5","targetHints":{"allow":["GET"]}}],"collection":[{"href":"https:\/\/www.doktersarahterras.be\/index.php\/wp-json\/wp\/v2\/pages"}],"about":[{"href":"https:\/\/www.doktersarahterras.be\/index.php\/wp-json\/wp\/v2\/types\/page"}],"author":[{"embeddable":true,"href":"https:\/\/www.doktersarahterras.be\/index.php\/wp-json\/wp\/v2\/users\/1"}],"replies":[{"embeddable":true,"href":"https:\/\/www.doktersarahterras.be\/index.php\/wp-json\/wp\/v2\/comments?post=5"}],"version-history":[{"count":46,"href":"https:\/\/www.doktersarahterras.be\/index.php\/wp-json\/wp\/v2\/pages\/5\/revisions"}],"predecessor-version":[{"id":308,"href":"https:\/\/www.doktersarahterras.be\/index.php\/wp-json\/wp\/v2\/pages\/5\/revisions\/308"}],"wp:attachment":[{"href":"https:\/\/www.doktersarahterras.be\/index.php\/wp-json\/wp\/v2\/media?parent=5"}],"curies":[{"name":"wp","href":"https:\/\/api.w.org\/{rel}","templated":true}]}}