{"id":13,"date":"2016-04-30T12:09:38","date_gmt":"2016-04-30T10:09:38","guid":{"rendered":"http:\/\/84.200.211.141\/?page_id=13"},"modified":"2024-02-01T12:53:40","modified_gmt":"2024-02-01T10:53:40","slug":"afspraak-maken","status":"publish","type":"page","link":"https:\/\/www.doktersarahterras.be\/index.php\/afspraak-maken\/","title":{"rendered":"Afspraak maken"},"content":{"rendered":"<p>De raadplegingen zijn steeds op afspraak.<\/p>\n<p>U kan een afspraak maken <strong>(bij voorkeur) <a href=\"https:\/\/onlinebooking.myorganizer.online?guid=ZDkwNzI0NjAtZjJiZC00ZDczLWI5OTYtYmIwMWFhNTAzZmZm&amp;role=OA%3D%3D&amp;language=bmxfQkU%3D\">online<\/a><\/strong> via deze link of <strong>telefonisch: 058\/ 596 546<\/strong> (elke werkdag tussen 8u en 20u).<br \/>\n(Opgelet: dit telefoonnummer is enkel voor pati\u00ebnten van de priv\u00e9praktijk. Voor inlichtingen en info over afspraken in AZ Oostende (campus Damiaan), dient u AZ Oostende te contacteren via 059\/41 40 60.)<\/p>\n<p>Indien u voor meerdere personen wil consulteren, gelieve dan per persoon een afspraak te boeken.<\/p>\n<p>Vertegenwoordigers worden verzocht hun afspraak enkel telefonisch te boeken.<\/p>\n<p style=\"text-align: left;\"><strong>Om de continu\u00efteit van de zorg te kunnen waarborgen, is er momenteel een pati\u00ebntenstop. Enkel pati\u00ebnten die reeds gekend zijn, kunnen een afspraak maken.<\/strong><\/p>\n<p>Door de pati\u00ebntenstop zullen gekende pati\u00ebnten binnenkort sneller gezien kunnen worden. Bij dringende problemen, raadpleeg eerst uw huisarts. Huisartsen kunnen voor dringende doorverwijzingen bellen naar 058\/596 546.<\/p>\n<p><strong><br \/>\n<\/strong><strong>Indien u uw afspraak niet kan nakomen, gelieve dit dan tijdig te melden. Niet tijdig annuleren verlengt de wachtlijst en verhindert uzelf en andere pati\u00ebnten om tijdig gezien te worden. Bovendien kan een boete aangerekend worden bij het verzuimen van uw afspraak.<br \/>\n<\/strong><\/p>\n","protected":false},"excerpt":{"rendered":"<p>De raadplegingen zijn steeds op afspraak. U kan een afspraak maken (bij voorkeur) online via deze link of telefonisch: 058\/ 596 546 (elke werkdag tussen 8u en 20u). (Opgelet: dit telefoonnummer is enkel voor pati\u00ebnten van de priv\u00e9praktijk. Voor inlichtingen&#8230; <a class=\"read-more-button\" href=\"https:\/\/www.doktersarahterras.be\/index.php\/afspraak-maken\/\">Lees meer &gt;<\/a><\/p>\n","protected":false},"author":1,"featured_media":0,"parent":0,"menu_order":0,"comment_status":"closed","ping_status":"closed","template":"","meta":{"footnotes":""},"class_list":["post-13","page","type-page","status-publish","hentry"],"_links":{"self":[{"href":"https:\/\/www.doktersarahterras.be\/index.php\/wp-json\/wp\/v2\/pages\/13","targetHints":{"allow":["GET"]}}],"collection":[{"href":"https:\/\/www.doktersarahterras.be\/index.php\/wp-json\/wp\/v2\/pages"}],"about":[{"href":"https:\/\/www.doktersarahterras.be\/index.php\/wp-json\/wp\/v2\/types\/page"}],"author":[{"embeddable":true,"href":"https:\/\/www.doktersarahterras.be\/index.php\/wp-json\/wp\/v2\/users\/1"}],"replies":[{"embeddable":true,"href":"https:\/\/www.doktersarahterras.be\/index.php\/wp-json\/wp\/v2\/comments?post=13"}],"version-history":[{"count":35,"href":"https:\/\/www.doktersarahterras.be\/index.php\/wp-json\/wp\/v2\/pages\/13\/revisions"}],"predecessor-version":[{"id":287,"href":"https:\/\/www.doktersarahterras.be\/index.php\/wp-json\/wp\/v2\/pages\/13\/revisions\/287"}],"wp:attachment":[{"href":"https:\/\/www.doktersarahterras.be\/index.php\/wp-json\/wp\/v2\/media?parent=13"}],"curies":[{"name":"wp","href":"https:\/\/api.w.org\/{rel}","templated":true}]}}